{"id":8814,"date":"2026-01-24T14:11:58","date_gmt":"2026-01-24T13:11:58","guid":{"rendered":"https:\/\/hotel-schwanen-metzingen.de\/contacts"},"modified":"2026-02-25T15:54:30","modified_gmt":"2026-02-25T14:54:30","slug":"contact","status":"publish","type":"page","link":"https:\/\/hotel-schwanen-metzingen.de\/en\/contact","title":{"rendered":"Contacts"},"content":{"rendered":"\t\t<div data-elementor-type=\"wp-page\" data-elementor-id=\"8814\" class=\"elementor elementor-8814 elementor-412\" data-elementor-post-type=\"page\">\n\t\t\t\t<div class=\"elementor-element elementor-element-8b4093b e-con-full e-flex e-con e-parent\" data-id=\"8b4093b\" data-element_type=\"container\" data-e-type=\"container\">\n\t\t<div class=\"elementor-element elementor-element-6784ab8 radial-gradient e-flex e-con-boxed e-con e-child\" data-id=\"6784ab8\" data-element_type=\"container\" data-e-type=\"container\" data-settings=\"{&quot;background_background&quot;:&quot;gradient&quot;}\">\n\t\t\t\t\t<div class=\"e-con-inner\">\n\t\t<div class=\"elementor-element elementor-element-514821e subpage-hero e-con-full e-flex e-con e-child\" data-id=\"514821e\" data-element_type=\"container\" data-e-type=\"container\">\n\t\t<div class=\"elementor-element elementor-element-ac509c8 e-con-full sub-slider-wrapper e-flex e-con e-child\" data-id=\"ac509c8\" data-element_type=\"container\" data-e-type=\"container\" data-settings=\"{&quot;background_background&quot;:&quot;classic&quot;}\">\n\t\t\t\t<div class=\"elementor-element elementor-element-46fe8c0 elementor-invisible elementor-widget elementor-widget-image\" data-id=\"46fe8c0\" data-element_type=\"widget\" data-e-type=\"widget\" data-settings=\"{&quot;_animation&quot;:&quot;fadeInLeft&quot;}\" data-widget_type=\"image.default\">\n\t\t\t\t<div class=\"elementor-widget-container\">\n\t\t\t\t\t\t\t\t\t\t\t\t\t\t\t<img fetchpriority=\"high\" decoding=\"async\" width=\"1778\" height=\"1000\" src=\"https:\/\/hotel-schwanen-metzingen.de\/wp-content\/uploads\/Kontakt_Drohnen.webp\" class=\"attachment-large size-large wp-image-4494\" alt=\"Das Bild zeigt eine malerische Luftaufnahme von Metzingen, einer charmanten Stadt, die von gr\u00fcnen H\u00fcgeln und einer idyllischen Landschaft umgeben ist. Im Vordergrund ist eine Kirche mit einem charakteristischen spitzen Turm zu sehen, die das Stadtbild pr\u00e4gt. Die D\u00e4cher der typischen deutschen Architektur und die \u00fcppige Vegetation verleihen der Stadt einen einladenden Charakter.\" srcset=\"https:\/\/hotel-schwanen-metzingen.de\/wp-content\/uploads\/Kontakt_Drohnen.webp 1778w, https:\/\/hotel-schwanen-metzingen.de\/wp-content\/uploads\/Kontakt_Drohnen-768x432.webp 768w, https:\/\/hotel-schwanen-metzingen.de\/wp-content\/uploads\/Kontakt_Drohnen-1536x864.webp 1536w\" sizes=\"(max-width: 1778px) 100vw, 1778px\" \/>\t\t\t\t\t\t\t\t\t\t\t\t\t\t\t<\/div>\n\t\t\t\t<\/div>\n\t\t<div class=\"elementor-element elementor-element-d963531 e-con-full elementor-hidden-mobile e-flex e-con e-child\" data-id=\"d963531\" data-element_type=\"container\" data-e-type=\"container\">\n\t\t<div class=\"elementor-element elementor-element-8f921cf e-con-full e-flex elementor-invisible e-con e-child\" data-id=\"8f921cf\" data-element_type=\"container\" data-e-type=\"container\" data-settings=\"{&quot;background_background&quot;:&quot;classic&quot;,&quot;motion_fx_motion_fx_scrolling&quot;:&quot;yes&quot;,&quot;motion_fx_translateY_effect&quot;:&quot;yes&quot;,&quot;motion_fx_translateY_speed&quot;:{&quot;unit&quot;:&quot;px&quot;,&quot;size&quot;:1,&quot;sizes&quot;:[]},&quot;motion_fx_translateY_affectedRange&quot;:{&quot;unit&quot;:&quot;%&quot;,&quot;size&quot;:&quot;&quot;,&quot;sizes&quot;:{&quot;start&quot;:57,&quot;end&quot;:100}},&quot;animation&quot;:&quot;fadeInUp&quot;,&quot;animation_delay&quot;:400,&quot;motion_fx_devices&quot;:[&quot;desktop&quot;,&quot;laptop&quot;,&quot;tablet&quot;,&quot;mobile&quot;]}\">\n\t\t\t\t<\/div>\n\t\t<div class=\"elementor-element elementor-element-4888cfc e-con-full e-flex elementor-invisible e-con e-child\" data-id=\"4888cfc\" data-element_type=\"container\" data-e-type=\"container\" data-settings=\"{&quot;background_background&quot;:&quot;classic&quot;,&quot;motion_fx_motion_fx_scrolling&quot;:&quot;yes&quot;,&quot;motion_fx_translateY_effect&quot;:&quot;yes&quot;,&quot;motion_fx_translateY_direction&quot;:&quot;negative&quot;,&quot;motion_fx_translateY_speed&quot;:{&quot;unit&quot;:&quot;px&quot;,&quot;size&quot;:0.1,&quot;sizes&quot;:[]},&quot;animation&quot;:&quot;fadeInUp&quot;,&quot;animation_delay&quot;:800,&quot;motion_fx_translateY_affectedRange&quot;:{&quot;unit&quot;:&quot;%&quot;,&quot;size&quot;:&quot;&quot;,&quot;sizes&quot;:{&quot;start&quot;:0,&quot;end&quot;:100}},&quot;motion_fx_devices&quot;:[&quot;desktop&quot;,&quot;laptop&quot;,&quot;tablet&quot;,&quot;mobile&quot;]}\">\n\t\t\t\t<\/div>\n\t\t\t\t<\/div>\n\t\t\t\t<\/div>\n\t\t<div class=\"elementor-element elementor-element-3aecccf e-con-full e-flex elementor-invisible e-con e-child\" data-id=\"3aecccf\" data-element_type=\"container\" data-e-type=\"container\" data-settings=\"{&quot;animation&quot;:&quot;fadeInRight&quot;,&quot;animation_delay&quot;:400}\">\n\t\t<div class=\"elementor-element elementor-element-cbc8371 e-con-full e-flex e-con e-child\" data-id=\"cbc8371\" data-element_type=\"container\" data-e-type=\"container\" data-settings=\"{&quot;motion_fx_motion_fx_scrolling&quot;:&quot;yes&quot;,&quot;motion_fx_devices&quot;:[&quot;desktop&quot;,&quot;laptop&quot;,&quot;tablet&quot;,&quot;mobile&quot;]}\">\n\t\t\t\t<div class=\"elementor-element elementor-element-1e5902f elementor-widget elementor-widget-heading\" data-id=\"1e5902f\" data-element_type=\"widget\" data-e-type=\"widget\" data-widget_type=\"heading.default\">\n\t\t\t\t<div class=\"elementor-widget-container\">\n\t\t\t\t\t<span class=\"elementor-heading-title elementor-size-default\">Personally Here for Your Wishes<\/span>\t\t\t\t<\/div>\n\t\t\t\t<\/div>\n\t\t\t\t<div class=\"elementor-element elementor-element-05cccdb elementor-widget elementor-widget-heading\" data-id=\"05cccdb\" data-element_type=\"widget\" data-e-type=\"widget\" data-widget_type=\"heading.default\">\n\t\t\t\t<div class=\"elementor-widget-container\">\n\t\t\t\t\t<h1 class=\"elementor-heading-title elementor-size-default\">Enquire and Plan<\/h1>\t\t\t\t<\/div>\n\t\t\t\t<\/div>\n\t\t\t\t<div class=\"elementor-element elementor-element-646f8f4 elementor-widget elementor-widget-text-editor\" data-id=\"646f8f4\" data-element_type=\"widget\" data-e-type=\"widget\" data-widget_type=\"text-editor.default\">\n\t\t\t\t<div class=\"elementor-widget-container\">\n\t\t\t\t\t\t\t\t\t<p>At Hotel Schwanen, you are always warmly welcome, whether you have questions about your stay, would like to reserve a table in our restaurant, or have special requests for your time in Metzingen. Our team looks forward to hearing from you and will take personal care to make your visit as pleasant and straightforward as possible. Write to us, give us a call, or simply drop by, we will be happy to help.<\/p>\n\t\t\t\t\t\t\t\t<\/div>\n\t\t\t\t<\/div>\n\t\t\t\t<\/div>\n\t\t<div class=\"elementor-element elementor-element-4bf79f5 e-con-full e-flex e-con e-child\" data-id=\"4bf79f5\" data-element_type=\"container\" data-e-type=\"container\">\n\t\t\t\t<div class=\"elementor-element elementor-element-cc81cdd e-transform elementor-widget elementor-widget-button\" data-id=\"cc81cdd\" data-element_type=\"widget\" data-e-type=\"widget\" data-settings=\"{&quot;_transform_scale_effect_hover&quot;:{&quot;unit&quot;:&quot;px&quot;,&quot;size&quot;:1.05,&quot;sizes&quot;:[]},&quot;_transform_scale_effect_hover_laptop&quot;:{&quot;unit&quot;:&quot;px&quot;,&quot;size&quot;:&quot;&quot;,&quot;sizes&quot;:[]},&quot;_transform_scale_effect_hover_tablet&quot;:{&quot;unit&quot;:&quot;px&quot;,&quot;size&quot;:&quot;&quot;,&quot;sizes&quot;:[]},&quot;_transform_scale_effect_hover_mobile&quot;:{&quot;unit&quot;:&quot;px&quot;,&quot;size&quot;:&quot;&quot;,&quot;sizes&quot;:[]}}\" data-widget_type=\"button.default\">\n\t\t\t\t<div class=\"elementor-widget-container\">\n\t\t\t\t\t\t\t\t\t<div class=\"elementor-button-wrapper\">\n\t\t\t\t\t<a class=\"elementor-button elementor-button-link elementor-size-sm\" href=\"#kontaktformular\">\n\t\t\t\t\t\t<span class=\"elementor-button-content-wrapper\">\n\t\t\t\t\t\t<span class=\"elementor-button-icon\">\n\t\t\t\t<svg xmlns=\"http:\/\/www.w3.org\/2000\/svg\" id=\"Ebene_1\" viewBox=\"0 0 35 35\"><path d=\"M34.05,5.81c-.97-1.43-2.58-2.3-4.3-2.31H5.25c-1.74,0-3.36.86-4.34,2.29l16.59,9.73,16.55-9.71Z\"><\/path><path d=\"M19.25,18.53c-.53.31-1.14.47-1.75.47-.61,0-1.22-.15-1.75-.46L0,9.33v16.92c0,2.9,2.35,5.25,5.25,5.25h24.5c2.9,0,5.25-2.35,5.25-5.25V9.33l-15.75,9.21Z\"><\/path><\/svg>\t\t\t<\/span>\n\t\t\t\t\t\t\t\t\t<span class=\"elementor-button-text\">Get in Touch<\/span>\n\t\t\t\t\t<\/span>\n\t\t\t\t\t<\/a>\n\t\t\t\t<\/div>\n\t\t\t\t\t\t\t\t<\/div>\n\t\t\t\t<\/div>\n\t\t\t\t<div class=\"elementor-element elementor-element-6bd2a64 e-transform elementor-widget elementor-widget-button\" data-id=\"6bd2a64\" data-element_type=\"widget\" data-e-type=\"widget\" data-settings=\"{&quot;_transform_scale_effect_hover&quot;:{&quot;unit&quot;:&quot;px&quot;,&quot;size&quot;:1.05,&quot;sizes&quot;:[]},&quot;_transform_scale_effect_hover_laptop&quot;:{&quot;unit&quot;:&quot;px&quot;,&quot;size&quot;:&quot;&quot;,&quot;sizes&quot;:[]},&quot;_transform_scale_effect_hover_tablet&quot;:{&quot;unit&quot;:&quot;px&quot;,&quot;size&quot;:&quot;&quot;,&quot;sizes&quot;:[]},&quot;_transform_scale_effect_hover_mobile&quot;:{&quot;unit&quot;:&quot;px&quot;,&quot;size&quot;:&quot;&quot;,&quot;sizes&quot;:[]}}\" data-widget_type=\"button.default\">\n\t\t\t\t<div class=\"elementor-widget-container\">\n\t\t\t\t\t\t\t\t\t<div class=\"elementor-button-wrapper\">\n\t\t\t\t\t<a class=\"elementor-button elementor-button-link elementor-size-sm\" href=\"#anfahrt\">\n\t\t\t\t\t\t<span class=\"elementor-button-content-wrapper\">\n\t\t\t\t\t\t<span class=\"elementor-button-icon\">\n\t\t\t\t<i aria-hidden=\"true\" class=\"fas fa-map-marker-alt\"><\/i>\t\t\t<\/span>\n\t\t\t\t\t\t\t\t\t<span class=\"elementor-button-text\">Get Directions<\/span>\n\t\t\t\t\t<\/span>\n\t\t\t\t\t<\/a>\n\t\t\t\t<\/div>\n\t\t\t\t\t\t\t\t<\/div>\n\t\t\t\t<\/div>\n\t\t\t\t<\/div>\n\t\t\t\t<\/div>\n\t\t\t\t<\/div>\n\t\t\t\t\t<\/div>\n\t\t\t\t<\/div>\n\t\t<div class=\"elementor-element elementor-element-8e4c1c8 elementor-hidden-mobile e-flex e-con-boxed e-con e-child\" data-id=\"8e4c1c8\" data-element_type=\"container\" data-e-type=\"container\">\n\t\t\t\t\t<div class=\"e-con-inner\">\n\t\t\t\t<div class=\"elementor-element elementor-element-098252e elementor-fixed quickbook elementor-widget elementor-widget-html\" data-id=\"098252e\" data-element_type=\"widget\" data-e-type=\"widget\" data-settings=\"{&quot;_position&quot;:&quot;fixed&quot;}\" data-widget_type=\"html.default\">\n\t\t\t\t<div class=\"elementor-widget-container\">\n\t\t\t\t\t<div id=\"d21-quickbook\" data-d21=\"{'hasHorizontalOrientation':true}\"><\/div>\t\t\t\t<\/div>\n\t\t\t\t<\/div>\n\t\t\t\t\t<\/div>\n\t\t\t\t<\/div>\n\t\t\t\t<\/div>\n\t\t<div class=\"elementor-element elementor-element-bb6ce14 e-con-full e-flex e-con e-child\" data-id=\"bb6ce14\" data-element_type=\"container\" data-e-type=\"container\" id=\"anfahrt\" data-settings=\"{&quot;background_background&quot;:&quot;classic&quot;}\">\n\t\t<div class=\"elementor-element elementor-element-d13eec7 e-con-full animated-slow e-flex elementor-invisible e-con e-child\" data-id=\"d13eec7\" data-element_type=\"container\" data-e-type=\"container\" data-settings=\"{&quot;animation&quot;:&quot;fadeIn&quot;,&quot;animation_delay&quot;:300,&quot;motion_fx_motion_fx_scrolling&quot;:&quot;yes&quot;,&quot;motion_fx_translateY_effect&quot;:&quot;yes&quot;,&quot;motion_fx_translateY_speed&quot;:{&quot;unit&quot;:&quot;px&quot;,&quot;size&quot;:1,&quot;sizes&quot;:[]},&quot;motion_fx_translateY_affectedRange&quot;:{&quot;unit&quot;:&quot;%&quot;,&quot;size&quot;:&quot;&quot;,&quot;sizes&quot;:{&quot;start&quot;:0,&quot;end&quot;:100}},&quot;motion_fx_devices&quot;:[&quot;desktop&quot;,&quot;laptop&quot;,&quot;tablet&quot;,&quot;mobile&quot;]}\">\n\t\t\t\t<div class=\"elementor-element elementor-element-231d3c6 elementor-widget elementor-widget-heading\" data-id=\"231d3c6\" data-element_type=\"widget\" data-e-type=\"widget\" data-widget_type=\"heading.default\">\n\t\t\t\t<div class=\"elementor-widget-container\">\n\t\t\t\t\t<span class=\"elementor-heading-title elementor-size-default\">Getting to Schwanen<\/span>\t\t\t\t<\/div>\n\t\t\t\t<\/div>\n\t\t\t\t<div class=\"elementor-element elementor-element-e5ed9a4 elementor-widget elementor-widget-heading\" data-id=\"e5ed9a4\" data-element_type=\"widget\" data-e-type=\"widget\" data-widget_type=\"heading.default\">\n\t\t\t\t<div class=\"elementor-widget-container\">\n\t\t\t\t\t<h2 class=\"elementor-heading-title elementor-size-default\">How to Find Us<\/h2>\t\t\t\t<\/div>\n\t\t\t\t<\/div>\n\t\t\t\t<div class=\"elementor-element elementor-element-cff31bf elementor-widget elementor-widget-text-editor\" data-id=\"cff31bf\" data-element_type=\"widget\" data-e-type=\"widget\" data-widget_type=\"text-editor.default\">\n\t\t\t\t<div class=\"elementor-widget-container\">\n\t\t\t\t\t\t\t\t\t<p>Hotel &#038; Restaurant Schwanen is centrally located in Metzingen, just a few steps from Outletcity Metzingen. Thanks to our convenient location, you can reach us easily by car, train or on foot from the town centre.<\/p>\n<p>Free parking is available directly at the hotel in Schwanengasse. Video-monitored outdoor spaces and underground garage parking are also available for a fee (\u20ac10 to \u20ac15 per night). As spaces cannot be reserved, they are allocated subject to availability. Please speak to reception on arrival, we will be happy to help you find a parking space.<\/p>\n<p><strong>Hotel &#038; Restaurant Schwanen<\/strong><br \/><strong>Bei der Martinskirche 10, 72555 Metzingen<\/strong><\/p>\n\t\t\t\t\t\t\t\t<\/div>\n\t\t\t\t<\/div>\n\t\t<div class=\"elementor-element elementor-element-5b9ff2a e-con-full e-flex e-con e-child\" data-id=\"5b9ff2a\" data-element_type=\"container\" data-e-type=\"container\">\n\t\t\t\t<div class=\"elementor-element elementor-element-379bb42 e-transform elementor-widget elementor-widget-button\" data-id=\"379bb42\" data-element_type=\"widget\" data-e-type=\"widget\" data-settings=\"{&quot;_transform_scale_effect_hover&quot;:{&quot;unit&quot;:&quot;px&quot;,&quot;size&quot;:1.05,&quot;sizes&quot;:[]},&quot;_transform_scale_effect_hover_laptop&quot;:{&quot;unit&quot;:&quot;px&quot;,&quot;size&quot;:&quot;&quot;,&quot;sizes&quot;:[]},&quot;_transform_scale_effect_hover_tablet&quot;:{&quot;unit&quot;:&quot;px&quot;,&quot;size&quot;:&quot;&quot;,&quot;sizes&quot;:[]},&quot;_transform_scale_effect_hover_mobile&quot;:{&quot;unit&quot;:&quot;px&quot;,&quot;size&quot;:&quot;&quot;,&quot;sizes&quot;:[]}}\" data-widget_type=\"button.default\">\n\t\t\t\t<div class=\"elementor-widget-container\">\n\t\t\t\t\t\t\t\t\t<div class=\"elementor-button-wrapper\">\n\t\t\t\t\t<a class=\"elementor-button elementor-button-link elementor-size-sm\" href=\"https:\/\/www.google.com\/maps\/dir\/?api=1&#038;destination=Bei+der+Martinskirche+10,+72555+Metzingen,+Deutschland\" target=\"_blank\" rel=\"noopener\">\n\t\t\t\t\t\t<span class=\"elementor-button-content-wrapper\">\n\t\t\t\t\t\t<span class=\"elementor-button-icon\">\n\t\t\t\t<svg xmlns=\"http:\/\/www.w3.org\/2000\/svg\" id=\"Ebene_1\" viewBox=\"0 0 35 35\"><path d=\"M17.5,30.5l8.02-7.97c1.59-1.58,2.67-3.59,3.1-5.77.44-2.19.21-4.45-.65-6.51-.86-2.06-2.31-3.82-4.18-5.06-1.87-1.24-4.06-1.9-6.3-1.9s-4.44.66-6.3,1.9c-1.87,1.24-3.32,3-4.18,5.06-.86,2.06-1.08,4.33-.65,6.51.44,2.19,1.52,4.2,3.1,5.77l8.02,7.97ZM17.5,35.06l-10.31-10.25c-2.04-2.03-3.43-4.61-3.99-7.42s-.27-5.73.83-8.38c1.1-2.65,2.97-4.91,5.37-6.51C11.8.91,14.62.06,17.5.06s5.7.85,8.1,2.44c2.4,1.59,4.27,3.86,5.37,6.51,1.1,2.65,1.39,5.56.83,8.38s-1.95,5.4-3.99,7.42l-10.31,10.25ZM17.5,17.78c.86,0,1.68-.34,2.29-.94.61-.6.95-1.42.95-2.28s-.34-1.67-.95-2.28-1.43-.94-2.29-.94-1.68.34-2.29.94c-.61.6-.95,1.42-.95,2.28s.34,1.67.95,2.28c.61.6,1.43.94,2.29.94ZM17.5,21c-1.72,0-3.37-.68-4.58-1.89-1.22-1.21-1.9-2.85-1.9-4.56s.68-3.35,1.9-4.56c1.22-1.21,2.86-1.89,4.58-1.89s3.37.68,4.58,1.89c1.22,1.21,1.9,2.85,1.9,4.56s-.68,3.35-1.9,4.56c-1.22,1.21-2.86,1.89-4.58,1.89Z\"><\/path><\/svg>\t\t\t<\/span>\n\t\t\t\t\t\t\t\t\t<span class=\"elementor-button-text\">Show Directions<\/span>\n\t\t\t\t\t<\/span>\n\t\t\t\t\t<\/a>\n\t\t\t\t<\/div>\n\t\t\t\t\t\t\t\t<\/div>\n\t\t\t\t<\/div>\n\t\t\t\t<\/div>\n\t\t\t\t<\/div>\n\t\t<div class=\"elementor-element elementor-element-e3aefa1 e-con-full elementor-hidden-tablet elementor-hidden-mobile e-flex elementor-invisible e-con e-child\" data-id=\"e3aefa1\" data-element_type=\"container\" data-e-type=\"container\" data-settings=\"{&quot;animation&quot;:&quot;fadeInRight&quot;}\">\n\t\t\t\t<div class=\"elementor-element elementor-element-be7d39c off-break elementor-widget elementor-widget-image\" data-id=\"be7d39c\" data-element_type=\"widget\" data-e-type=\"widget\" data-widget_type=\"image.default\">\n\t\t\t\t<div class=\"elementor-widget-container\">\n\t\t\t\t\t\t\t\t\t\t\t\t\t\t\t<img decoding=\"async\" width=\"1500\" height=\"1000\" src=\"https:\/\/hotel-schwanen-metzingen.de\/wp-content\/uploads\/Schwanen_Anfahrt.webp\" class=\"attachment-large size-large wp-image-9027\" alt=\"\" srcset=\"https:\/\/hotel-schwanen-metzingen.de\/wp-content\/uploads\/Schwanen_Anfahrt.webp 1500w, https:\/\/hotel-schwanen-metzingen.de\/wp-content\/uploads\/Schwanen_Anfahrt-768x512.webp 768w\" sizes=\"(max-width: 1500px) 100vw, 1500px\" \/>\t\t\t\t\t\t\t\t\t\t\t\t\t\t\t<\/div>\n\t\t\t\t<\/div>\n\t\t\t\t<\/div>\n\t\t\t\t<\/div>\n\t\t<div class=\"elementor-element elementor-element-e914e54 e-flex e-con-boxed e-con e-parent\" data-id=\"e914e54\" data-element_type=\"container\" data-e-type=\"container\" id=\"kontaktformular\" data-settings=\"{&quot;background_background&quot;:&quot;classic&quot;}\">\n\t\t\t\t\t<div class=\"e-con-inner\">\n\t\t<div class=\"elementor-element elementor-element-bfc39f1 e-con-full e-flex e-con e-child\" data-id=\"bfc39f1\" data-element_type=\"container\" data-e-type=\"container\">\n\t\t\t\t<div class=\"elementor-element elementor-element-561c795 elementor-widget elementor-widget-heading\" data-id=\"561c795\" data-element_type=\"widget\" data-e-type=\"widget\" data-widget_type=\"heading.default\">\n\t\t\t\t<div class=\"elementor-widget-container\">\n\t\t\t\t\t<span class=\"elementor-heading-title elementor-size-default\">Your Direct Line to Schwanen<\/span>\t\t\t\t<\/div>\n\t\t\t\t<\/div>\n\t\t\t\t<div class=\"elementor-element elementor-element-b739d88 elementor-widget elementor-widget-heading\" data-id=\"b739d88\" data-element_type=\"widget\" data-e-type=\"widget\" data-widget_type=\"heading.default\">\n\t\t\t\t<div class=\"elementor-widget-container\">\n\t\t\t\t\t<h2 class=\"elementor-heading-title elementor-size-default\">Contact Form<\/h2>\t\t\t\t<\/div>\n\t\t\t\t<\/div>\n\t\t\t\t<\/div>\n\t\t\t\t<div class=\"elementor-element elementor-element-80dc9d3 elementor-widget elementor-widget-shortcode\" data-id=\"80dc9d3\" data-element_type=\"widget\" data-e-type=\"widget\" id=\"contact_form\" data-widget_type=\"shortcode.default\">\n\t\t\t\t<div class=\"elementor-widget-container\">\n\t\t\t\t\t\t\t<div class=\"elementor-shortcode\"><div class=\"forminator-ui forminator-custom-form forminator-custom-form-8813 forminator-design--default  forminator_ajax\" data-forminator-render=\"0\" data-form=\"forminator-module-8813\" data-uid=\"6a06ef1104622\"><br\/><\/div><form\n\t\t\t\tid=\"forminator-module-8813\"\n\t\t\t\tclass=\"forminator-ui forminator-custom-form forminator-custom-form-8813 forminator-design--default  forminator_ajax\"\n\t\t\t\tmethod=\"post\"\n\t\t\t\tdata-forminator-render=\"0\"\n\t\t\t\tdata-form-id=\"8813\"\n\t\t\t\t data-color-option=\"theme\" data-design=\"default\" data-grid=\"open\" style=\"display: none;\"\n\t\t\t\tdata-uid=\"6a06ef1104622\"\n\t\t\t><div role=\"alert\" aria-live=\"polite\" class=\"forminator-response-message forminator-error\" aria-hidden=\"true\"><\/div><div class=\"forminator-row\"><div id=\"name-1\" class=\"forminator-field-name forminator-col forminator-col-12 \"><div class=\"forminator-field\"><label for=\"forminator-field-name-1_6a06ef1104622\" id=\"forminator-field-name-1_6a06ef1104622-label\" class=\"forminator-label\">Name and Surname <span class=\"forminator-required\">*<\/span><\/label><input type=\"text\" name=\"name-1\" value=\"\" placeholder=\"\" id=\"forminator-field-name-1_6a06ef1104622\" class=\"forminator-input forminator-name--field\" aria-required=\"true\" autocomplete=\"name\" \/><\/div><\/div><\/div><div class=\"forminator-row\"><div id=\"email-1\" class=\"forminator-field-email forminator-col forminator-col-6 \"><div class=\"forminator-field\"><label for=\"forminator-field-email-1_6a06ef1104622\" id=\"forminator-field-email-1_6a06ef1104622-label\" class=\"forminator-label\">E-Mail address <span class=\"forminator-required\">*<\/span><\/label><input type=\"email\" name=\"email-1\" value=\"\" placeholder=\"\" id=\"forminator-field-email-1_6a06ef1104622\" class=\"forminator-input forminator-email--field\" data-required=\"1\" aria-required=\"true\" autocomplete=\"email\" \/><\/div><\/div><div id=\"phone-1\" class=\"forminator-field-phone forminator-col forminator-col-6 \"><div class=\"forminator-field\"><label for=\"forminator-field-phone-1_6a06ef1104622\" id=\"forminator-field-phone-1_6a06ef1104622-label\" class=\"forminator-label\">Phone<\/label><input type=\"text\" name=\"phone-1\" value=\"\" placeholder=\"\" id=\"forminator-field-phone-1_6a06ef1104622\" class=\"forminator-input forminator-field--phone\" data-required=\"\" aria-required=\"false\" autocomplete=\"off\" \/><\/div><\/div><\/div><div class=\"forminator-row\"><div id=\"textarea-1\" class=\"forminator-field-textarea forminator-col forminator-col-12 \"><div class=\"forminator-field\"><label for=\"forminator-field-textarea-1_6a06ef1104622\" id=\"forminator-field-textarea-1_6a06ef1104622-label\" class=\"forminator-label\">Message<\/label><textarea name=\"textarea-1\" placeholder=\"\" id=\"forminator-field-textarea-1_6a06ef1104622\" class=\"forminator-textarea\" rows=\"6\" style=\"--forminator-textarea-min-height:140px;\" ><\/textarea><\/div><\/div><\/div><div class=\"forminator-row\"><div id=\"html-1\" class=\"forminator-field-html forminator-col forminator-col-12 \"><div class=\"forminator-field forminator-merge-tags\" data-field=\"html-1\"><p><strong>Note:<\/strong> By submitting this form, you agree that your information and data will be collected and stored electronically to answer your inquiry. Further information on the processing of your personal data and your rights can be found in our <a rel=\"noopener\" target=\"_blank\" href=\"https:\/\/hotel-schwanen-metzingen.de\/privacypolicy\">Privacy Policy<\/a>.<\/p><\/div><\/div><\/div><input type=\"hidden\" name=\"referer_url\" value=\"\" \/><div class=\"forminator-row forminator-row-last\"><div class=\"forminator-col\"><div class=\"forminator-field\"><button class=\"forminator-button forminator-button-submit\">Submit<\/button><\/div><\/div><\/div><input type=\"hidden\" id=\"forminator_nonce\" name=\"forminator_nonce\" value=\"564490c019\" \/><input type=\"hidden\" name=\"_wp_http_referer\" value=\"\/en\/wp-json\/wp\/v2\/pages\/8814\" \/><input type=\"hidden\" name=\"form_id\" value=\"8813\"><input type=\"hidden\" name=\"page_id\" value=\"8814\"><input type=\"hidden\" name=\"form_type\" value=\"default\"><input type=\"hidden\" name=\"current_url\" value=\"https:\/\/hotel-schwanen-metzingen.de\/en\/contact\"><input type=\"hidden\" name=\"render_id\" value=\"0\"><input type=\"hidden\" name=\"action\" value=\"forminator_submit_form_custom-forms\"><\/form><\/div>\n\t\t\t\t\t\t<\/div>\n\t\t\t\t<\/div>\n\t\t\t\t\t<\/div>\n\t\t\t\t<\/div>\n\t\t\t\t<\/div>\n\t\t","protected":false},"excerpt":{"rendered":"<p>Personally Here for Your Wishes Enquire and Plan At Hotel Schwanen, you are always warmly welcome, whether you have questions about your stay, would like to reserve a table in our restaurant, or have special requests for your time in Metzingen. Our team looks forward to hearing from you and will take personal care to [&hellip;]<\/p>\n","protected":false},"author":9,"featured_media":0,"parent":0,"menu_order":0,"comment_status":"closed","ping_status":"closed","template":"","meta":{"_acf_changed":false,"footnotes":""},"class_list":["post-8814","page","type-page","status-publish","hentry"],"acf":[],"_links":{"self":[{"href":"https:\/\/hotel-schwanen-metzingen.de\/en\/wp-json\/wp\/v2\/pages\/8814","targetHints":{"allow":["GET"]}}],"collection":[{"href":"https:\/\/hotel-schwanen-metzingen.de\/en\/wp-json\/wp\/v2\/pages"}],"about":[{"href":"https:\/\/hotel-schwanen-metzingen.de\/en\/wp-json\/wp\/v2\/types\/page"}],"author":[{"embeddable":true,"href":"https:\/\/hotel-schwanen-metzingen.de\/en\/wp-json\/wp\/v2\/users\/9"}],"replies":[{"embeddable":true,"href":"https:\/\/hotel-schwanen-metzingen.de\/en\/wp-json\/wp\/v2\/comments?post=8814"}],"version-history":[{"count":5,"href":"https:\/\/hotel-schwanen-metzingen.de\/en\/wp-json\/wp\/v2\/pages\/8814\/revisions"}],"predecessor-version":[{"id":9408,"href":"https:\/\/hotel-schwanen-metzingen.de\/en\/wp-json\/wp\/v2\/pages\/8814\/revisions\/9408"}],"wp:attachment":[{"href":"https:\/\/hotel-schwanen-metzingen.de\/en\/wp-json\/wp\/v2\/media?parent=8814"}],"curies":[{"name":"wp","href":"https:\/\/api.w.org\/{rel}","templated":true}]}}